{"id":14,"date":"2025-09-02T19:46:44","date_gmt":"2025-09-02T19:46:44","guid":{"rendered":"https:\/\/tagtours.al\/?page_id=14"},"modified":"2025-09-03T08:44:34","modified_gmt":"2025-09-03T08:44:34","slug":"elementor-14","status":"publish","type":"page","link":"https:\/\/tagtours.al\/index.php\/elementor-14\/","title":{"rendered":"Elementor #14"},"content":{"rendered":"\t\t<div data-elementor-type=\"wp-post\" data-elementor-id=\"14\" class=\"elementor elementor-14\">\n\t\t\t\t\t\t<section class=\"elementor-section elementor-top-section elementor-element elementor-element-9e852ea elementor-section-full_width hero-block hero-v1 bg-img-hero-bottom gradient-overlay-half-black-gradient text-center z-index-2 elementor-section-height-default elementor-section-height-default\" data-id=\"9e852ea\" data-element_type=\"section\" data-settings=\"{&quot;background_background&quot;:&quot;classic&quot;}\">\n\t\t\t\t\t\t\t<div class=\"elementor-background-overlay\"><\/div>\n\t\t\t\t\t\t\t<div class=\"elementor-container elementor-column-gap-default container space-2 space-top-xl-9 flex-wrap\">\n\t\t\t\t\t<div class=\"elementor-column elementor-col-50 elementor-top-column elementor-element elementor-element-29fa296 col\" data-id=\"29fa296\" data-element_type=\"column\">\n\t\t\t<div class=\"p-0 pt-8 pt-md-0 elementor-widget-wrap elementor-element-populated\">\n\t\t\t\t\t\t<div class=\"elementor-element elementor-element-f649e30 elementor-widget elementor-widget-heading\" data-id=\"f649e30\" data-element_type=\"widget\" data-widget_type=\"heading.default\">\n\t\t\t\t\t<h2 class=\"elementor-heading-title elementor-size-default\">BALKAN SEA<\/h2>\t\t\t\t<\/div>\n\t\t\t\t\t<\/div>\n\t\t<\/div>\n\t\t\t\t<div class=\"elementor-column elementor-col-50 elementor-top-column elementor-element elementor-element-4d532638 col-12 px-0\" data-id=\"4d532638\" data-element_type=\"column\">\n\t\t\t<div class=\"p-0 mb-lg-n16 elementor-widget-wrap elementor-element-populated\">\n\t\t\t\t\t\t<div class=\"elementor-element elementor-element-788a04c elementor-widget elementor-widget-heading\" data-id=\"788a04c\" data-element_type=\"widget\" data-widget_type=\"heading.default\">\n\t\t\t\t\t<h6 class=\"elementor-heading-title elementor-size-default\">P\u00ebrfito oferta speciale p\u00ebr paketa pushimesh<\/h6>\t\t\t\t<\/div>\n\t\t\t\t<div class=\"elementor-element elementor-element-f780813 elementor-widget elementor-widget-spacer\" data-id=\"f780813\" data-element_type=\"widget\" data-widget_type=\"spacer.default\">\n\t\t\t\t\t\t\t<div class=\"elementor-spacer\">\n\t\t\t<div class=\"elementor-spacer-inner\"><\/div>\n\t\t<\/div>\n\t\t\t\t\t\t<\/div>\n\t\t\t\t\t<\/div>\n\t\t<\/div>\n\t\t\t\t\t<\/div>\n\t\t<\/section>\n\t\t<div class=\"elementor-element elementor-element-d15e148 e-flex e-con-boxed e-con e-parent\" data-id=\"d15e148\" data-element_type=\"container\">\n\t\t\t\t\t<div class=\"e-con-inner\">\n\t\t<div class=\"elementor-element elementor-element-db648cc e-con-full e-flex e-con e-child\" data-id=\"db648cc\" data-element_type=\"container\">\n\t\t\t\t<\/div>\n\t\t\t\t\t<\/div>\n\t\t\t\t<\/div>\n\t\t<div class=\"elementor-element elementor-element-ccad098 e-flex e-con-boxed e-con e-parent\" data-id=\"ccad098\" data-element_type=\"container\">\n\t\t\t\t\t<div class=\"e-con-inner\">\n\t\t\t\t\t<\/div>\n\t\t\t\t<\/div>\n\t\t<div class=\"elementor-element elementor-element-db108cf e-flex e-con-boxed e-con e-parent\" data-id=\"db108cf\" data-element_type=\"container\">\n\t\t\t\t\t<div class=\"e-con-inner\">\n\t\t\t\t<div class=\"elementor-element elementor-element-0dd3353 elementor-widget elementor-widget-highlighted-heading\" data-id=\"0dd3353\" data-element_type=\"widget\" data-widget_type=\"highlighted-heading.default\">\n\t\t\t\t<div class=\"elementor-widget-container\">\n\t\t\t\t\t<h2 class=\"mytravel-elementor-highlighted-heading__title\">UDH\u00cbTO N\u00cb BALLKAN - <span class=\"mytravel-elementor-highlighted-heading__highlighted-text\">KU TRADITA <\/span>TAKON MODERNEN<\/h2>\t\t\t\t<\/div>\n\t\t\t\t<\/div>\n\t\t\t\t\t<\/div>\n\t\t\t\t<\/div>\n\t\t<div class=\"elementor-element elementor-element-be2a180 e-flex e-con-boxed e-con e-parent\" data-id=\"be2a180\" data-element_type=\"container\">\n\t\t\t\t\t<div class=\"e-con-inner\">\n\t\t<div class=\"elementor-element elementor-element-b21e7de e-con-full e-flex e-con e-child\" data-id=\"b21e7de\" data-element_type=\"container\">\n\t\t\t\t<div class=\"elementor-element elementor-element-143e1ef elementor-widget elementor-widget-myt-parallax-banner\" data-id=\"143e1ef\" data-element_type=\"widget\" data-widget_type=\"myt-parallax-banner.default\">\n\t\t\t\t<div class=\"elementor-widget-container\">\n\t\t\t\t\t\t\t<div class=\"banner-block banner-v6\">\n\t\t\t<div class=\"dzsparallaxer auto-init height-is-based-on-content use-loading mode-scroll\" data-options='{direction: \"normal\"}'>\n\t\t\t\t<!-- Apply your Parallax background image here -->\n\t\t\t\t<div class=\"divimage dzsparallaxer--target\" style=\"height: 130%; background-image: url(https:\/\/tagtours.al\/wp-content\/uploads\/2025\/09\/pexels-jess-vide-4784152-1-scaled.jpg);\"><\/div>\n\t\t\t\t<div class=\"text-center container text-center space-2 space-md-3\">\n\t\t\t\t\t<div class=\"myt_spacing pb-3 mb-1 space-top-lg-1 mt-2\">\n\t\t\t\t\t\t\t\t\t\t\t\t\t<h5 class=\"myt-parallax__heading text-white font-size-40 font-weight-bold mb-1\">Antalya turkey 499\u20ac\/P<\/h5>\t\n\t\t\t\t\t\t\t\t\t\t\t\t\t\t\t\t\t\t\t<p class=\"myt-parallax__description text-white font-weight-normal mb-3 mb-lg-6\">Ku dielli dhe deti bashkohen p\u00ebr nj\u00eb p\u00ebrvoj\u00eb magjike mes plazheve dhe qytetit t\u00eb vjet\u00ebr<\/p>\t\n\t\t\t\t\t\t\t\t\t\t\t\t\t\t\t<a class=\"btn myt-parallax__button btn-primary\" href=\"#\">Explore Stays<\/a>\n\t\t\t\t\t\t\t\t\t<\/div>\n\t\t\t\t<\/div>\n\t\t\t<\/div>\n\t\t<\/div>\n\t\t\t\t\t\t<\/div>\n\t\t\t\t<\/div>\n\t\t\t\t<\/div>\n\t\t<div class=\"elementor-element elementor-element-9a92672 e-con-full e-flex e-con e-child\" data-id=\"9a92672\" data-element_type=\"container\">\n\t\t\t\t<div class=\"elementor-element elementor-element-af76c64 elementor-widget elementor-widget-myt-parallax-banner\" data-id=\"af76c64\" data-element_type=\"widget\" data-widget_type=\"myt-parallax-banner.default\">\n\t\t\t\t<div class=\"elementor-widget-container\">\n\t\t\t\t\t\t\t<div class=\"banner-block banner-v6\">\n\t\t\t<div class=\"dzsparallaxer auto-init height-is-based-on-content use-loading mode-scroll\" data-options='{direction: \"normal\"}'>\n\t\t\t\t<!-- Apply your Parallax background image here -->\n\t\t\t\t<div class=\"divimage dzsparallaxer--target\" style=\"height: 130%; background-image: url(https:\/\/tagtours.al\/wp-content\/uploads\/2025\/09\/pexels-suat-inan-672106106-32300911-scaled.jpg);\"><\/div>\n\t\t\t\t<div class=\"text-center container text-center space-2 space-md-3\">\n\t\t\t\t\t<div class=\"myt_spacing pb-3 mb-1 space-top-lg-1 mt-2\">\n\t\t\t\t\t\t\t\t\t\t\t\t\t<h5 class=\"myt-parallax__heading text-white font-size-40 font-weight-bold mb-1\">Albania \/ All Sea<\/h5>\t\n\t\t\t\t\t\t\t\t\t\t\t\t\t\t\t\t\t\t\t<p class=\"myt-parallax__description text-white font-weight-normal mb-3 mb-lg-6\">Nj\u00eb vend ku dielli takon detin dhe kujtimet b\u00ebhen t\u00eb paharrueshme!<\/p>\t\n\t\t\t\t\t\t\t\t\t\t\t\t\t\t\t<a class=\"btn myt-parallax__button btn-primary\" href=\"#\">Explore Stays<\/a>\n\t\t\t\t\t\t\t\t\t<\/div>\n\t\t\t\t<\/div>\n\t\t\t<\/div>\n\t\t<\/div>\n\t\t\t\t\t\t<\/div>\n\t\t\t\t<\/div>\n\t\t\t\t<div class=\"elementor-element elementor-element-e92ec94 elementor-widget elementor-widget-text-editor\" data-id=\"e92ec94\" data-element_type=\"widget\" data-widget_type=\"text-editor.default\">\n\t\t\t\t\t\t\t\t\t<h5>Shqip\u00ebria: nj\u00eb destinacion ku natyra magjike takon historin\u00eb e pasur. Plazhe t\u00eb kristalta, male mahnit\u00ebse dhe qytete plot kultur\u00eb q\u00eb ofrojn\u00eb p\u00ebrvoja t\u00eb paharrueshme p\u00ebr \u00e7do udh\u00ebtar.<\/h5>\t\t\t\t\t\t\t\t<\/div>\n\t\t\t\t<\/div>\n\t\t<div class=\"elementor-element elementor-element-bcd6c92 e-con-full e-flex e-con e-child\" data-id=\"bcd6c92\" data-element_type=\"container\">\n\t\t\t\t<div class=\"elementor-element elementor-element-f7e4f00 elementor-widget elementor-widget-myt-parallax-banner\" data-id=\"f7e4f00\" data-element_type=\"widget\" data-widget_type=\"myt-parallax-banner.default\">\n\t\t\t\t<div class=\"elementor-widget-container\">\n\t\t\t\t\t\t\t<div class=\"banner-block banner-v6\">\n\t\t\t<div class=\"dzsparallaxer auto-init height-is-based-on-content use-loading mode-scroll\" data-options='{direction: \"normal\"}'>\n\t\t\t\t<!-- Apply your Parallax background image here -->\n\t\t\t\t<div class=\"divimage dzsparallaxer--target\" style=\"height: 130%; background-image: url(https:\/\/tagtours.al\/wp-content\/uploads\/2025\/09\/pexels-jess-vide-4784152-1-scaled.jpg);\"><\/div>\n\t\t\t\t<div class=\"text-center container text-center space-2 space-md-3\">\n\t\t\t\t\t<div class=\"myt_spacing pb-3 mb-1 space-top-lg-1 mt-2\">\n\t\t\t\t\t\t\t\t\t\t\t\t\t<h5 class=\"myt-parallax__heading text-white font-size-40 font-weight-bold mb-1\">Antalya turkey 499\u20ac\/P<\/h5>\t\n\t\t\t\t\t\t\t\t\t\t\t\t\t\t\t\t\t\t\t<p class=\"myt-parallax__description text-white font-weight-normal mb-3 mb-lg-6\">Ku dielli dhe deti bashkohen p\u00ebr nj\u00eb p\u00ebrvoj\u00eb magjike mes plazheve dhe qytetit t\u00eb vjet\u00ebr<\/p>\t\n\t\t\t\t\t\t\t\t\t\t\t\t\t\t\t<a class=\"btn myt-parallax__button btn-primary\" href=\"#\">Explore Stays<\/a>\n\t\t\t\t\t\t\t\t\t<\/div>\n\t\t\t\t<\/div>\n\t\t\t<\/div>\n\t\t<\/div>\n\t\t\t\t\t\t<\/div>\n\t\t\t\t<\/div>\n\t\t\t\t<\/div>\n\t\t\t\t\t<\/div>\n\t\t\t\t<\/div>\n\t\t<div class=\"elementor-element elementor-element-9505f97 e-flex e-con-boxed e-con e-parent\" data-id=\"9505f97\" data-element_type=\"container\">\n\t\t\t\t\t<div class=\"e-con-inner\">\n\t\t\t\t<div class=\"elementor-element elementor-element-2d47380 elementor-widget elementor-widget-spacer\" data-id=\"2d47380\" data-element_type=\"widget\" data-widget_type=\"spacer.default\">\n\t\t\t\t\t\t\t<div class=\"elementor-spacer\">\n\t\t\t<div class=\"elementor-spacer-inner\"><\/div>\n\t\t<\/div>\n\t\t\t\t\t\t<\/div>\n\t\t\t\t\t<\/div>\n\t\t\t\t<\/div>\n\t\t<div class=\"elementor-element elementor-element-7279049 e-flex e-con-boxed e-con e-parent\" data-id=\"7279049\" data-element_type=\"container\">\n\t\t\t\t\t<div class=\"e-con-inner\">\n\t\t\t\t<div class=\"elementor-element elementor-element-7d9856d elementor-widget elementor-widget-slider_revolution\" data-id=\"7d9856d\" data-element_type=\"widget\" data-widget_type=\"slider_revolution.default\">\n\t\t\t\t\t\n\t\t<div class=\"wp-block-themepunch-revslider\">\n\t\t\t\t<p class=\"rs-p-wp-fix\"><\/p>\n\t\t\t\t<sr7-module data-alias=\"slider-1-1\" data-id=\"3\" id=\"SR7_3_1\" class=\"rs-ov-hidden\" data-version=\"6.7.37\">\n\t\t\t\t\t<sr7-adjuster><\/sr7-adjuster>\n\t\t\t\t\t<sr7-content>\n\t\t\t\t\t\t<sr7-slide id=\"SR7_3_1-5\" data-key=\"5\">\n\t\t\t\t\t\t\t<sr7-bg id=\"SR7_3_1-5-4\" class=\"sr7-layer\"><noscript><img decoding=\"async\" src=\"https:\/\/tagtours.al\/wp-content\/uploads\/2025\/09\/BALKAN-SEA-1-scaled.jpg\" alt=\"\" title=\"BALKAN SEA\"><\/noscript><\/sr7-bg>\n\t\t\t\t\t\t<\/sr7-slide>\n\t\t\t\t\t\t<sr7-slide id=\"SR7_3_1-6\" data-key=\"6\">\n\t\t\t\t\t\t<\/sr7-slide>\n\t\t\t\t\t<\/sr7-content>\n\t\t\t\t\t<image_lists style=\"display:none\">\n\t\t\t\t\t\t<img data-src=\"\/\/tagtours.al\/wp-content\/uploads\/2025\/09\/BALKAN-SEA-1-scaled.jpg\" data-libid=\"2925\" data-lib=\"medialibrary\" title=\"BALKAN SEA\" width=\"0\" height=\"0\" data-dbsrc=\"Ly90YWd0b3Vycy5hbC93cC1jb250ZW50L3VwbG9hZHMvMjAyNS8wOS9CQUxLQU4tU0VBLTEtc2NhbGVkLmpwZw==\"\/>\n\t\t\t\t\t<\/image_lists>\n\t\t\t\t<\/sr7-module>\n\t\t\t\t<script>\n\t\t\t\t\tSR7.PMH ??={}; SR7.PMH[\"SR7_3_1\"] = {cn:100,state:false,fn: function() { if (_tpt!==undefined && _tpt.prepareModuleHeight !== undefined) {  _tpt.prepareModuleHeight({id:\"SR7_3_1\",el:[900,900,768,960,720],type:'standard',shdw:'0',gh:[900,900,743,565,349],gw:[1240,1240,1024,778,480],vpt:['-100px'],size:{fullWidth:true, fullHeight:false},mh:'0',onh:0,onw:0,bg:{color:'{\"orig\":\"transparent\",\"type\":\"solid\",\"string\":\"transparent\"}'}});   SR7.PMH[\"SR7_3_1\"].state=true;} else if(SR7.PMH[\"SR7_3_1\"].cn-->0)\tsetTimeout( SR7.PMH[\"SR7_3_1\"].fn,19);}};SR7.PMH[\"SR7_3_1\" ].fn();\n\t\t\t\t<\/script>\n<\/div>\n\n\t\t\t\t\t\t<\/div>\n\t\t\t\t\t<\/div>\n\t\t\t\t<\/div>\n\t\t\t\t<\/div>\n\t\t","protected":false},"excerpt":{"rendered":"BALKAN SEA P\u00ebrfito oferta speciale p\u00ebr paketa pushimesh UDH\u00cbTO N\u00cb BALLKAN &#8211; KU TRADITA TAKON MODERNEN Antalya turkey 499\u20ac\/P Ku dielli dhe deti bashkohen p\u00ebr nj\u00eb p\u00ebrvoj\u00eb magjike mes plazheve dhe qytetit t\u00eb vjet\u00ebr Explore Stays Albania \/ All Sea Nj\u00eb vend ku dielli takon detin dhe kujtimet b\u00ebhen t\u00eb paharrueshme! Explore Stays Shqip\u00ebria: nj\u00eb&#8230;","protected":false},"author":1,"featured_media":0,"parent":0,"menu_order":0,"comment_status":"closed","ping_status":"closed","template":"","meta":{"_acf_changed":false,"content-type":"","footnotes":""},"class_list":["post-14","page","type-page","status-publish","hentry"],"acf":[],"_links":{"self":[{"href":"https:\/\/tagtours.al\/index.php\/wp-json\/wp\/v2\/pages\/14","targetHints":{"allow":["GET"]}}],"collection":[{"href":"https:\/\/tagtours.al\/index.php\/wp-json\/wp\/v2\/pages"}],"about":[{"href":"https:\/\/tagtours.al\/index.php\/wp-json\/wp\/v2\/types\/page"}],"author":[{"embeddable":true,"href":"https:\/\/tagtours.al\/index.php\/wp-json\/wp\/v2\/users\/1"}],"replies":[{"embeddable":true,"href":"https:\/\/tagtours.al\/index.php\/wp-json\/wp\/v2\/comments?post=14"}],"version-history":[{"count":26,"href":"https:\/\/tagtours.al\/index.php\/wp-json\/wp\/v2\/pages\/14\/revisions"}],"predecessor-version":[{"id":2963,"href":"https:\/\/tagtours.al\/index.php\/wp-json\/wp\/v2\/pages\/14\/revisions\/2963"}],"wp:attachment":[{"href":"https:\/\/tagtours.al\/index.php\/wp-json\/wp\/v2\/media?parent=14"}],"curies":[{"name":"wp","href":"https:\/\/api.w.org\/{rel}","templated":true}]}}